{"id":33,"date":"2025-04-28T15:57:51","date_gmt":"2025-04-28T15:57:51","guid":{"rendered":"https:\/\/zhisong.org\/?page_id=33"},"modified":"2025-05-26T14:29:05","modified_gmt":"2025-05-26T14:29:05","slug":"attivita","status":"publish","type":"page","link":"https:\/\/zhisong.org\/?page_id=33","title":{"rendered":"Attivit\u00e0"},"content":{"rendered":"\t\t<div data-elementor-type=\"wp-page\" data-elementor-id=\"33\" class=\"elementor elementor-33\" data-elementor-post-type=\"page\">\n\t\t\t\t<div class=\"elementor-element elementor-element-9a390f9 e-grid e-con-boxed e-con e-parent\" data-id=\"9a390f9\" data-element_type=\"container\">\n\t\t\t\t\t<div class=\"e-con-inner\">\n\t\t\t\t<div class=\"elementor-element elementor-element-02e2561 elementor-widget elementor-widget-image\" data-id=\"02e2561\" data-element_type=\"widget\" data-widget_type=\"image.default\">\n\t\t\t\t\t\t\t\t\t\t\t\t<figure class=\"wp-caption\">\n\t\t\t\t\t\t\t\t\t\t<img fetchpriority=\"high\" decoding=\"async\" width=\"800\" height=\"531\" src=\"https:\/\/zhisong.org\/wp-content\/uploads\/2025\/05\/giugno2017-festafineanno-1-1024x680.webp\" class=\"attachment-large size-large wp-image-257\" alt=\"\" srcset=\"https:\/\/zhisong.org\/wp-content\/uploads\/2025\/05\/giugno2017-festafineanno-1-1024x680.webp 1024w, https:\/\/zhisong.org\/wp-content\/uploads\/2025\/05\/giugno2017-festafineanno-1-300x199.webp 300w, https:\/\/zhisong.org\/wp-content\/uploads\/2025\/05\/giugno2017-festafineanno-1-768x510.webp 768w, https:\/\/zhisong.org\/wp-content\/uploads\/2025\/05\/giugno2017-festafineanno-1-1536x1020.webp 1536w, https:\/\/zhisong.org\/wp-content\/uploads\/2025\/05\/giugno2017-festafineanno-1-scaled.webp 1920w\" sizes=\"(max-width: 800px) 100vw, 800px\" \/>\t\t\t\t\t\t\t\t\t\t\t<figcaption class=\"widget-image-caption wp-caption-text\">Saggio di fine anno in costumi tradizionali<\/figcaption>\n\t\t\t\t\t\t\t\t\t\t<\/figure>\n\t\t\t\t\t\t\t\t\t<\/div>\n\t\t\t\t<div class=\"elementor-element elementor-element-b1dc23b elementor-widget elementor-widget-image\" data-id=\"b1dc23b\" data-element_type=\"widget\" data-widget_type=\"image.default\">\n\t\t\t\t\t\t\t\t\t\t\t\t\t\t\t<img decoding=\"async\" width=\"800\" height=\"534\" src=\"https:\/\/zhisong.org\/wp-content\/uploads\/2025\/05\/cb77dbe2169f68fac64cad87381b8f2d-1024x683.jpg\" class=\"attachment-large size-large wp-image-146\" alt=\"\" srcset=\"https:\/\/zhisong.org\/wp-content\/uploads\/2025\/05\/cb77dbe2169f68fac64cad87381b8f2d-1024x683.jpg 1024w, https:\/\/zhisong.org\/wp-content\/uploads\/2025\/05\/cb77dbe2169f68fac64cad87381b8f2d-300x200.jpg 300w, https:\/\/zhisong.org\/wp-content\/uploads\/2025\/05\/cb77dbe2169f68fac64cad87381b8f2d-768x512.jpg 768w, https:\/\/zhisong.org\/wp-content\/uploads\/2025\/05\/cb77dbe2169f68fac64cad87381b8f2d-1536x1024.jpg 1536w, https:\/\/zhisong.org\/wp-content\/uploads\/2025\/05\/cb77dbe2169f68fac64cad87381b8f2d.jpg 1920w\" sizes=\"(max-width: 800px) 100vw, 800px\" \/>\t\t\t\t\t\t\t\t\t\t\t\t\t\t\t<\/div>\n\t\t\t\t<div class=\"elementor-element elementor-element-b65caa2 elementor-widget elementor-widget-image\" data-id=\"b65caa2\" data-element_type=\"widget\" data-widget_type=\"image.default\">\n\t\t\t\t\t\t\t\t\t\t\t\t\t\t\t<img decoding=\"async\" width=\"800\" height=\"522\" src=\"https:\/\/zhisong.org\/wp-content\/uploads\/2025\/05\/capodanno2024-drago.webp\" class=\"attachment-large size-large wp-image-247\" alt=\"Il capodanno cinese 2025 \u00e8 il primo dichiarato patrimonio dell&#039;umanit\u00e0 dall&#039;Unesco.\" srcset=\"https:\/\/zhisong.org\/wp-content\/uploads\/2025\/05\/capodanno2024-drago.webp 800w, https:\/\/zhisong.org\/wp-content\/uploads\/2025\/05\/capodanno2024-drago-300x196.webp 300w, https:\/\/zhisong.org\/wp-content\/uploads\/2025\/05\/capodanno2024-drago-768x501.webp 768w\" sizes=\"(max-width: 800px) 100vw, 800px\" \/>\t\t\t\t\t\t\t\t\t\t\t\t\t\t\t<\/div>\n\t\t\t\t<div class=\"elementor-element elementor-element-0479e36 elementor-widget elementor-widget-image\" data-id=\"0479e36\" data-element_type=\"widget\" data-widget_type=\"image.default\">\n\t\t\t\t\t\t\t\t\t\t\t\t\t\t\t<img loading=\"lazy\" decoding=\"async\" width=\"800\" height=\"522\" src=\"https:\/\/zhisong.org\/wp-content\/uploads\/2025\/05\/estateragazzi_zhisong.webp\" class=\"attachment-large size-large wp-image-250\" alt=\"\" srcset=\"https:\/\/zhisong.org\/wp-content\/uploads\/2025\/05\/estateragazzi_zhisong.webp 800w, https:\/\/zhisong.org\/wp-content\/uploads\/2025\/05\/estateragazzi_zhisong-300x196.webp 300w, https:\/\/zhisong.org\/wp-content\/uploads\/2025\/05\/estateragazzi_zhisong-768x501.webp 768w\" sizes=\"(max-width: 800px) 100vw, 800px\" \/>\t\t\t\t\t\t\t\t\t\t\t\t\t\t\t<\/div>\n\t\t\t\t<div class=\"elementor-element elementor-element-d10d82c elementor-widget elementor-widget-image\" data-id=\"d10d82c\" data-element_type=\"widget\" data-widget_type=\"image.default\">\n\t\t\t\t\t\t\t\t\t\t\t\t\t\t\t<img loading=\"lazy\" decoding=\"async\" width=\"800\" height=\"522\" src=\"https:\/\/zhisong.org\/wp-content\/uploads\/2025\/05\/estateragazzi5-zhisong.webp\" class=\"attachment-large size-large wp-image-254\" alt=\"\" srcset=\"https:\/\/zhisong.org\/wp-content\/uploads\/2025\/05\/estateragazzi5-zhisong.webp 800w, https:\/\/zhisong.org\/wp-content\/uploads\/2025\/05\/estateragazzi5-zhisong-300x196.webp 300w, https:\/\/zhisong.org\/wp-content\/uploads\/2025\/05\/estateragazzi5-zhisong-768x501.webp 768w\" sizes=\"(max-width: 800px) 100vw, 800px\" \/>\t\t\t\t\t\t\t\t\t\t\t\t\t\t\t<\/div>\n\t\t\t\t<div class=\"elementor-element elementor-element-128c276 elementor-widget elementor-widget-image\" data-id=\"128c276\" data-element_type=\"widget\" data-widget_type=\"image.default\">\n\t\t\t\t\t\t\t\t\t\t\t\t\t\t\t<img loading=\"lazy\" decoding=\"async\" width=\"800\" height=\"522\" src=\"https:\/\/zhisong.org\/wp-content\/uploads\/2025\/05\/estateragazzi-zhisong-2.webp\" class=\"attachment-large size-large wp-image-251\" alt=\"\" srcset=\"https:\/\/zhisong.org\/wp-content\/uploads\/2025\/05\/estateragazzi-zhisong-2.webp 800w, https:\/\/zhisong.org\/wp-content\/uploads\/2025\/05\/estateragazzi-zhisong-2-300x196.webp 300w, https:\/\/zhisong.org\/wp-content\/uploads\/2025\/05\/estateragazzi-zhisong-2-768x501.webp 768w\" sizes=\"(max-width: 800px) 100vw, 800px\" \/>\t\t\t\t\t\t\t\t\t\t\t\t\t\t\t<\/div>\n\t\t\t\t<div class=\"elementor-element elementor-element-ddd9812 elementor-widget elementor-widget-image\" data-id=\"ddd9812\" data-element_type=\"widget\" data-widget_type=\"image.default\">\n\t\t\t\t\t\t\t\t\t\t\t\t\t\t\t<img loading=\"lazy\" decoding=\"async\" width=\"800\" height=\"522\" src=\"https:\/\/zhisong.org\/wp-content\/uploads\/2025\/05\/capodannocinese-ledonne.webp\" class=\"attachment-large size-large wp-image-249\" alt=\"\" srcset=\"https:\/\/zhisong.org\/wp-content\/uploads\/2025\/05\/capodannocinese-ledonne.webp 800w, https:\/\/zhisong.org\/wp-content\/uploads\/2025\/05\/capodannocinese-ledonne-300x196.webp 300w, https:\/\/zhisong.org\/wp-content\/uploads\/2025\/05\/capodannocinese-ledonne-768x501.webp 768w\" sizes=\"(max-width: 800px) 100vw, 800px\" \/>\t\t\t\t\t\t\t\t\t\t\t\t\t\t\t<\/div>\n\t\t\t\t<div class=\"elementor-element elementor-element-93a4a39 elementor-widget elementor-widget-image\" data-id=\"93a4a39\" data-element_type=\"widget\" data-widget_type=\"image.default\">\n\t\t\t\t\t\t\t\t\t\t\t\t\t\t\t<img loading=\"lazy\" decoding=\"async\" width=\"800\" height=\"447\" src=\"https:\/\/zhisong.org\/wp-content\/uploads\/2025\/05\/associazionicinesi-1024x572.webp\" class=\"attachment-large size-large wp-image-244\" alt=\"\" srcset=\"https:\/\/zhisong.org\/wp-content\/uploads\/2025\/05\/associazionicinesi-1024x572.webp 1024w, https:\/\/zhisong.org\/wp-content\/uploads\/2025\/05\/associazionicinesi-300x168.webp 300w, https:\/\/zhisong.org\/wp-content\/uploads\/2025\/05\/associazionicinesi-768x429.webp 768w, https:\/\/zhisong.org\/wp-content\/uploads\/2025\/05\/associazionicinesi.webp 1440w\" sizes=\"(max-width: 800px) 100vw, 800px\" \/>\t\t\t\t\t\t\t\t\t\t\t\t\t\t\t<\/div>\n\t\t\t\t<div class=\"elementor-element elementor-element-c1234e8 elementor-widget elementor-widget-image\" data-id=\"c1234e8\" data-element_type=\"widget\" data-widget_type=\"image.default\">\n\t\t\t\t\t\t\t\t\t\t\t\t\t\t\t<img loading=\"lazy\" decoding=\"async\" width=\"600\" height=\"399\" src=\"https:\/\/zhisong.org\/wp-content\/uploads\/2025\/05\/festabambini2017-zhisong6.webp\" class=\"attachment-large size-large wp-image-171\" alt=\"\" srcset=\"https:\/\/zhisong.org\/wp-content\/uploads\/2025\/05\/festabambini2017-zhisong6.webp 600w, https:\/\/zhisong.org\/wp-content\/uploads\/2025\/05\/festabambini2017-zhisong6-300x200.webp 300w\" sizes=\"(max-width: 600px) 100vw, 600px\" \/>\t\t\t\t\t\t\t\t\t\t\t\t\t\t\t<\/div>\n\t\t\t\t<div class=\"elementor-element elementor-element-7ede8d0 elementor-widget elementor-widget-image\" data-id=\"7ede8d0\" data-element_type=\"widget\" data-widget_type=\"image.default\">\n\t\t\t\t\t\t\t\t\t\t\t\t\t\t\t<img loading=\"lazy\" decoding=\"async\" width=\"800\" height=\"522\" src=\"https:\/\/zhisong.org\/wp-content\/uploads\/2025\/05\/capodanno2024-calligrafia.webp\" class=\"attachment-large size-large wp-image-246\" alt=\"\" srcset=\"https:\/\/zhisong.org\/wp-content\/uploads\/2025\/05\/capodanno2024-calligrafia.webp 800w, https:\/\/zhisong.org\/wp-content\/uploads\/2025\/05\/capodanno2024-calligrafia-300x196.webp 300w, https:\/\/zhisong.org\/wp-content\/uploads\/2025\/05\/capodanno2024-calligrafia-768x501.webp 768w\" sizes=\"(max-width: 800px) 100vw, 800px\" \/>\t\t\t\t\t\t\t\t\t\t\t\t\t\t\t<\/div>\n\t\t\t\t<div class=\"elementor-element elementor-element-793b09b elementor-widget elementor-widget-image\" data-id=\"793b09b\" data-element_type=\"widget\" data-widget_type=\"image.default\">\n\t\t\t\t\t\t\t\t\t\t\t\t\t\t\t<img loading=\"lazy\" decoding=\"async\" width=\"800\" height=\"531\" src=\"https:\/\/zhisong.org\/wp-content\/uploads\/2025\/05\/giu2017-festafineanno-ballerini-1024x680.jpg\" class=\"attachment-large size-large wp-image-137\" alt=\"\" srcset=\"https:\/\/zhisong.org\/wp-content\/uploads\/2025\/05\/giu2017-festafineanno-ballerini-1024x680.jpg 1024w, https:\/\/zhisong.org\/wp-content\/uploads\/2025\/05\/giu2017-festafineanno-ballerini-300x199.jpg 300w, https:\/\/zhisong.org\/wp-content\/uploads\/2025\/05\/giu2017-festafineanno-ballerini-768x510.jpg 768w, https:\/\/zhisong.org\/wp-content\/uploads\/2025\/05\/giu2017-festafineanno-ballerini-1536x1020.jpg 1536w, https:\/\/zhisong.org\/wp-content\/uploads\/2025\/05\/giu2017-festafineanno-ballerini-2048x1360.jpg 2048w\" sizes=\"(max-width: 800px) 100vw, 800px\" \/>\t\t\t\t\t\t\t\t\t\t\t\t\t\t\t<\/div>\n\t\t\t\t<div class=\"elementor-element elementor-element-991179c elementor-widget elementor-widget-image\" data-id=\"991179c\" data-element_type=\"widget\" data-widget_type=\"image.default\">\n\t\t\t\t\t\t\t\t\t\t\t\t\t\t\t<img loading=\"lazy\" decoding=\"async\" width=\"800\" height=\"800\" src=\"https:\/\/zhisong.org\/wp-content\/uploads\/2025\/05\/476735751_18489744304019648_2854124707321112931_n-1024x1024.jpg\" class=\"attachment-large size-large wp-image-176\" alt=\"\" srcset=\"https:\/\/zhisong.org\/wp-content\/uploads\/2025\/05\/476735751_18489744304019648_2854124707321112931_n-1024x1024.jpg 1024w, https:\/\/zhisong.org\/wp-content\/uploads\/2025\/05\/476735751_18489744304019648_2854124707321112931_n-300x300.webp 300w, https:\/\/zhisong.org\/wp-content\/uploads\/2025\/05\/476735751_18489744304019648_2854124707321112931_n-150x150.jpg 150w, https:\/\/zhisong.org\/wp-content\/uploads\/2025\/05\/476735751_18489744304019648_2854124707321112931_n-768x768.jpg 768w, https:\/\/zhisong.org\/wp-content\/uploads\/2025\/05\/476735751_18489744304019648_2854124707321112931_n.webp 1439w\" sizes=\"(max-width: 800px) 100vw, 800px\" \/>\t\t\t\t\t\t\t\t\t\t\t\t\t\t\t<\/div>\n\t\t\t\t\t<\/div>\n\t\t\t\t<\/div>\n\t\t<div class=\"elementor-element elementor-element-1624141 e-flex e-con-boxed e-con e-parent\" data-id=\"1624141\" data-element_type=\"container\">\n\t\t\t\t\t<div class=\"e-con-inner\">\n\t\t<div class=\"elementor-element elementor-element-77ce5ca e-con-full e-flex e-con e-child\" data-id=\"77ce5ca\" data-element_type=\"container\">\n\t\t\t\t<div class=\"elementor-element elementor-element-a2797e1 elementor-widget elementor-widget-heading\" data-id=\"a2797e1\" data-element_type=\"widget\" data-widget_type=\"heading.default\">\n\t\t\t\t\t<h2 class=\"elementor-heading-title elementor-size-default\">Attivit\u00e0<\/h2>\t\t\t\t<\/div>\n\t\t\t\t<div class=\"elementor-element elementor-element-6ac151e elementor-icon-list--layout-traditional elementor-list-item-link-full_width elementor-widget elementor-widget-icon-list\" data-id=\"6ac151e\" data-element_type=\"widget\" data-widget_type=\"icon-list.default\">\n\t\t\t\t\t\t\t<ul class=\"elementor-icon-list-items\">\n\t\t\t\t\t\t\t<li class=\"elementor-icon-list-item\">\n\t\t\t\t\t\t\t\t\t\t\t<span class=\"elementor-icon-list-icon\">\n\t\t\t\t\t\t\t<svg aria-hidden=\"true\" class=\"e-font-icon-svg e-fas-dot-circle\" viewBox=\"0 0 512 512\" xmlns=\"http:\/\/www.w3.org\/2000\/svg\"><path d=\"M256 8C119.033 8 8 119.033 8 256s111.033 248 248 248 248-111.033 248-248S392.967 8 256 8zm80 248c0 44.112-35.888 80-80 80s-80-35.888-80-80 35.888-80 80-80 80 35.888 80 80z\"><\/path><\/svg>\t\t\t\t\t\t<\/span>\n\t\t\t\t\t\t\t\t\t\t<span class=\"elementor-icon-list-text\">Laboratori di lingua e cultura italiana<\/span>\n\t\t\t\t\t\t\t\t\t<\/li>\n\t\t\t\t\t\t\t\t<li class=\"elementor-icon-list-item\">\n\t\t\t\t\t\t\t\t\t\t\t<span class=\"elementor-icon-list-icon\">\n\t\t\t\t\t\t\t<svg aria-hidden=\"true\" class=\"e-font-icon-svg e-fas-dot-circle\" viewBox=\"0 0 512 512\" xmlns=\"http:\/\/www.w3.org\/2000\/svg\"><path d=\"M256 8C119.033 8 8 119.033 8 256s111.033 248 248 248 248-111.033 248-248S392.967 8 256 8zm80 248c0 44.112-35.888 80-80 80s-80-35.888-80-80 35.888-80 80-80 80 35.888 80 80z\"><\/path><\/svg>\t\t\t\t\t\t<\/span>\n\t\t\t\t\t\t\t\t\t\t<span class=\"elementor-icon-list-text\">Laboratori di lingua e cultura cinese<\/span>\n\t\t\t\t\t\t\t\t\t<\/li>\n\t\t\t\t\t\t\t\t<li class=\"elementor-icon-list-item\">\n\t\t\t\t\t\t\t\t\t\t\t<span class=\"elementor-icon-list-icon\">\n\t\t\t\t\t\t\t<svg aria-hidden=\"true\" class=\"e-font-icon-svg e-fas-dot-circle\" viewBox=\"0 0 512 512\" xmlns=\"http:\/\/www.w3.org\/2000\/svg\"><path d=\"M256 8C119.033 8 8 119.033 8 256s111.033 248 248 248 248-111.033 248-248S392.967 8 256 8zm80 248c0 44.112-35.888 80-80 80s-80-35.888-80-80 35.888-80 80-80 80 35.888 80 80z\"><\/path><\/svg>\t\t\t\t\t\t<\/span>\n\t\t\t\t\t\t\t\t\t\t<span class=\"elementor-icon-list-text\">Corso di pianoforte<\/span>\n\t\t\t\t\t\t\t\t\t<\/li>\n\t\t\t\t\t\t\t\t<li class=\"elementor-icon-list-item\">\n\t\t\t\t\t\t\t\t\t\t\t<span class=\"elementor-icon-list-icon\">\n\t\t\t\t\t\t\t<svg aria-hidden=\"true\" class=\"e-font-icon-svg e-fas-dot-circle\" viewBox=\"0 0 512 512\" xmlns=\"http:\/\/www.w3.org\/2000\/svg\"><path d=\"M256 8C119.033 8 8 119.033 8 256s111.033 248 248 248 248-111.033 248-248S392.967 8 256 8zm80 248c0 44.112-35.888 80-80 80s-80-35.888-80-80 35.888-80 80-80 80 35.888 80 80z\"><\/path><\/svg>\t\t\t\t\t\t<\/span>\n\t\t\t\t\t\t\t\t\t\t<span class=\"elementor-icon-list-text\">Corso di Gu Zheng, strumento musicale<\/span>\n\t\t\t\t\t\t\t\t\t<\/li>\n\t\t\t\t\t\t\t\t<li class=\"elementor-icon-list-item\">\n\t\t\t\t\t\t\t\t\t\t\t<span class=\"elementor-icon-list-icon\">\n\t\t\t\t\t\t\t<svg aria-hidden=\"true\" class=\"e-font-icon-svg e-fas-dot-circle\" viewBox=\"0 0 512 512\" xmlns=\"http:\/\/www.w3.org\/2000\/svg\"><path d=\"M256 8C119.033 8 8 119.033 8 256s111.033 248 248 248 248-111.033 248-248S392.967 8 256 8zm80 248c0 44.112-35.888 80-80 80s-80-35.888-80-80 35.888-80 80-80 80 35.888 80 80z\"><\/path><\/svg>\t\t\t\t\t\t<\/span>\n\t\t\t\t\t\t\t\t\t\t<span class=\"elementor-icon-list-text\">Corso di Taiji e Gongfu<\/span>\n\t\t\t\t\t\t\t\t\t<\/li>\n\t\t\t\t\t\t\t\t<li class=\"elementor-icon-list-item\">\n\t\t\t\t\t\t\t\t\t\t\t<span class=\"elementor-icon-list-icon\">\n\t\t\t\t\t\t\t<svg aria-hidden=\"true\" class=\"e-font-icon-svg e-fas-dot-circle\" viewBox=\"0 0 512 512\" xmlns=\"http:\/\/www.w3.org\/2000\/svg\"><path d=\"M256 8C119.033 8 8 119.033 8 256s111.033 248 248 248 248-111.033 248-248S392.967 8 256 8zm80 248c0 44.112-35.888 80-80 80s-80-35.888-80-80 35.888-80 80-80 80 35.888 80 80z\"><\/path><\/svg>\t\t\t\t\t\t<\/span>\n\t\t\t\t\t\t\t\t\t\t<span class=\"elementor-icon-list-text\">Corso di pittura cinese<\/span>\n\t\t\t\t\t\t\t\t\t<\/li>\n\t\t\t\t\t\t\t\t<li class=\"elementor-icon-list-item\">\n\t\t\t\t\t\t\t\t\t\t\t<span class=\"elementor-icon-list-icon\">\n\t\t\t\t\t\t\t<svg aria-hidden=\"true\" class=\"e-font-icon-svg e-fas-dot-circle\" viewBox=\"0 0 512 512\" xmlns=\"http:\/\/www.w3.org\/2000\/svg\"><path d=\"M256 8C119.033 8 8 119.033 8 256s111.033 248 248 248 248-111.033 248-248S392.967 8 256 8zm80 248c0 44.112-35.888 80-80 80s-80-35.888-80-80 35.888-80 80-80 80 35.888 80 80z\"><\/path><\/svg>\t\t\t\t\t\t<\/span>\n\t\t\t\t\t\t\t\t\t\t<span class=\"elementor-icon-list-text\">Corso di danza cinese<\/span>\n\t\t\t\t\t\t\t\t\t<\/li>\n\t\t\t\t\t\t\t\t<li class=\"elementor-icon-list-item\">\n\t\t\t\t\t\t\t\t\t\t\t<span class=\"elementor-icon-list-icon\">\n\t\t\t\t\t\t\t<svg aria-hidden=\"true\" class=\"e-font-icon-svg e-fas-dot-circle\" viewBox=\"0 0 512 512\" xmlns=\"http:\/\/www.w3.org\/2000\/svg\"><path d=\"M256 8C119.033 8 8 119.033 8 256s111.033 248 248 248 248-111.033 248-248S392.967 8 256 8zm80 248c0 44.112-35.888 80-80 80s-80-35.888-80-80 35.888-80 80-80 80 35.888 80 80z\"><\/path><\/svg>\t\t\t\t\t\t<\/span>\n\t\t\t\t\t\t\t\t\t\t<span class=\"elementor-icon-list-text\">Corso di coro<\/span>\n\t\t\t\t\t\t\t\t\t<\/li>\n\t\t\t\t\t\t\t\t<li class=\"elementor-icon-list-item\">\n\t\t\t\t\t\t\t\t\t\t\t<span class=\"elementor-icon-list-icon\">\n\t\t\t\t\t\t\t<svg aria-hidden=\"true\" class=\"e-font-icon-svg e-fas-dot-circle\" viewBox=\"0 0 512 512\" xmlns=\"http:\/\/www.w3.org\/2000\/svg\"><path d=\"M256 8C119.033 8 8 119.033 8 256s111.033 248 248 248 248-111.033 248-248S392.967 8 256 8zm80 248c0 44.112-35.888 80-80 80s-80-35.888-80-80 35.888-80 80-80 80 35.888 80 80z\"><\/path><\/svg>\t\t\t\t\t\t<\/span>\n\t\t\t\t\t\t\t\t\t\t<span class=\"elementor-icon-list-text\">Mediazione culturale<\/span>\n\t\t\t\t\t\t\t\t\t<\/li>\n\t\t\t\t\t\t\t\t<li class=\"elementor-icon-list-item\">\n\t\t\t\t\t\t\t\t\t\t\t<span class=\"elementor-icon-list-icon\">\n\t\t\t\t\t\t\t<svg aria-hidden=\"true\" class=\"e-font-icon-svg e-fas-dot-circle\" viewBox=\"0 0 512 512\" xmlns=\"http:\/\/www.w3.org\/2000\/svg\"><path d=\"M256 8C119.033 8 8 119.033 8 256s111.033 248 248 248 248-111.033 248-248S392.967 8 256 8zm80 248c0 44.112-35.888 80-80 80s-80-35.888-80-80 35.888-80 80-80 80 35.888 80 80z\"><\/path><\/svg>\t\t\t\t\t\t<\/span>\n\t\t\t\t\t\t\t\t\t\t<span class=\"elementor-icon-list-text\">Estate ragazzi<\/span>\n\t\t\t\t\t\t\t\t\t<\/li>\n\t\t\t\t\t\t<\/ul>\n\t\t\t\t\t\t<\/div>\n\t\t\t\t<\/div>\n\t\t\t\t\t<\/div>\n\t\t\t\t<\/div>\n\t\t<div class=\"elementor-element elementor-element-ad6f235 e-flex e-con-boxed e-con e-parent\" data-id=\"ad6f235\" data-element_type=\"container\">\n\t\t\t\t\t<div class=\"e-con-inner\">\n\t\t<div class=\"elementor-element elementor-element-315ad0c e-con-full e-flex e-con e-child\" data-id=\"315ad0c\" data-element_type=\"container\">\n\t\t\t\t<div class=\"elementor-element elementor-element-0ade514 elementor-widget elementor-widget-text-editor\" data-id=\"0ade514\" data-element_type=\"widget\" data-widget_type=\"text-editor.default\">\n\t\t\t\t\t\t\t\t\t<p>\u00a0<\/p><p><b>Per info e iscrizioni:<\/b> Associazione Zhisong, sede in via La Salle 8<br \/><b>Orari di apertura:<\/b><br \/>luned\u00ec, mercoled\u00ec e venerd\u00ec dalle 15:00 alle 18:00<br \/>telefono: 3477405600-3891432087<br \/>email: associazionezhisong@hotmail.com<\/p>\t\t\t\t\t\t\t\t<\/div>\n\t\t\t\t<\/div>\n\t\t\t\t\t<\/div>\n\t\t\t\t<\/div>\n\t\t\t\t<\/div>\n\t\t","protected":false},"excerpt":{"rendered":"<p>Attivit\u00e0 Laboratori di lingua e cultura italiana Laboratori di lingua e cultura cinese Corso di pianoforte Corso di Gu Zheng, strumento musicale Corso di Taiji e Gongfu Corso di pittura cinese Corso di danza cinese Corso di coro Mediazione culturale Estate ragazzi \u00a0 Per info e iscrizioni: Associazione Zhisong, sede in via La Salle 8Orari [&hellip;]<\/p>\n","protected":false},"author":1,"featured_media":0,"parent":0,"menu_order":0,"comment_status":"closed","ping_status":"closed","template":"","meta":{"footnotes":""},"class_list":["post-33","page","type-page","status-publish","hentry"],"_links":{"self":[{"href":"https:\/\/zhisong.org\/index.php?rest_route=\/wp\/v2\/pages\/33","targetHints":{"allow":["GET"]}}],"collection":[{"href":"https:\/\/zhisong.org\/index.php?rest_route=\/wp\/v2\/pages"}],"about":[{"href":"https:\/\/zhisong.org\/index.php?rest_route=\/wp\/v2\/types\/page"}],"author":[{"embeddable":true,"href":"https:\/\/zhisong.org\/index.php?rest_route=\/wp\/v2\/users\/1"}],"replies":[{"embeddable":true,"href":"https:\/\/zhisong.org\/index.php?rest_route=%2Fwp%2Fv2%2Fcomments&post=33"}],"version-history":[{"count":16,"href":"https:\/\/zhisong.org\/index.php?rest_route=\/wp\/v2\/pages\/33\/revisions"}],"predecessor-version":[{"id":415,"href":"https:\/\/zhisong.org\/index.php?rest_route=\/wp\/v2\/pages\/33\/revisions\/415"}],"wp:attachment":[{"href":"https:\/\/zhisong.org\/index.php?rest_route=%2Fwp%2Fv2%2Fmedia&parent=33"}],"curies":[{"name":"wp","href":"https:\/\/api.w.org\/{rel}","templated":true}]}}