{"id":17,"date":"2025-04-28T15:52:47","date_gmt":"2025-04-28T15:52:47","guid":{"rendered":"https:\/\/zhisong.org\/?page_id=17"},"modified":"2025-05-23T14:43:56","modified_gmt":"2025-05-23T14:43:56","slug":"chi-siamo","status":"publish","type":"page","link":"https:\/\/zhisong.org\/?page_id=17","title":{"rendered":"Chi siamo"},"content":{"rendered":"\t\t<div data-elementor-type=\"wp-page\" data-elementor-id=\"17\" class=\"elementor elementor-17\" data-elementor-post-type=\"page\">\n\t\t\t\t<div class=\"elementor-element elementor-element-07b81a6 e-flex e-con-boxed e-con e-parent\" data-id=\"07b81a6\" data-element_type=\"container\">\n\t\t\t\t\t<div class=\"e-con-inner\">\n\t\t\t\t<div class=\"elementor-element elementor-element-e5063d1 elementor-widget__width-inherit elementor-widget elementor-widget-image\" data-id=\"e5063d1\" data-element_type=\"widget\" data-widget_type=\"image.default\">\n\t\t\t\t\t\t\t\t\t\t\t\t\t\t\t<img fetchpriority=\"high\" decoding=\"async\" width=\"800\" height=\"447\" src=\"https:\/\/zhisong.org\/wp-content\/uploads\/2025\/05\/giu2017-genitori-s-1024x572.jpg\" class=\"attachment-large size-large wp-image-216\" alt=\"\" srcset=\"https:\/\/zhisong.org\/wp-content\/uploads\/2025\/05\/giu2017-genitori-s-1024x572.jpg 1024w, https:\/\/zhisong.org\/wp-content\/uploads\/2025\/05\/giu2017-genitori-s-300x168.jpg 300w, https:\/\/zhisong.org\/wp-content\/uploads\/2025\/05\/giu2017-genitori-s-768x429.jpg 768w, https:\/\/zhisong.org\/wp-content\/uploads\/2025\/05\/giu2017-genitori-s.jpg 1440w\" sizes=\"(max-width: 800px) 100vw, 800px\" \/>\t\t\t\t\t\t\t\t\t\t\t\t\t\t\t<\/div>\n\t\t\t\t\t<\/div>\n\t\t\t\t<\/div>\n\t\t<div class=\"elementor-element elementor-element-ae1d17d e-flex e-con-boxed e-con e-parent\" data-id=\"ae1d17d\" data-element_type=\"container\">\n\t\t\t\t\t<div class=\"e-con-inner\">\n\t\t<div class=\"elementor-element elementor-element-0b41541 e-con-full e-flex e-con e-child\" data-id=\"0b41541\" data-element_type=\"container\">\n\t\t\t\t<div class=\"elementor-element elementor-element-52bbcfa elementor-widget elementor-widget-heading\" data-id=\"52bbcfa\" data-element_type=\"widget\" data-widget_type=\"heading.default\">\n\t\t\t\t\t<h2 class=\"elementor-heading-title elementor-size-default\">\u667a\u677e\u534e\u610f\u6587\u5316\u534f\u4f1a\n<\/h2>\t\t\t\t<\/div>\n\t\t\t\t<div class=\"elementor-element elementor-element-85d901b elementor-widget elementor-widget-text-editor\" data-id=\"85d901b\" data-element_type=\"widget\" data-widget_type=\"text-editor.default\">\n\t\t\t\t\t\t\t\t\t<div class=\"col-md-8\"><p class=\"text-justify\">\u667a\u677e \u662f\u4e00\u4e2a\u65e0\u515a\u6d3e\u3001\u975e\u76c8\u5229\u6027\u7684\u534e\u610f\u6587\u5316 \u534f\u4f1a\u3002 \u4e3a\u4e86\u4fc3\u8fdb\u591a\u5143\u6587\u5316\u7684\u4ea4\u6d41\uff0c\u6211\u4eec\u957f\u671f\u4ee5\u6765\u540c\u6559 \u80b2\u3001\u793e\u4f1a\u673a\u6784\u4ee5\u53ca\u5404\u65cf\u88d4\u6587\u5316\u534f\u4f1a\u8fdb\u884c\u5408\u4f5c\u3002 \u6211\u4eec\u7684\u5b97\u65e8 \u589e\u8fdb\u534e\u4eba\u4e0e\u610f\u5927\u5229\u6c11\u4f17\u4e4b\u95f4\u7684\u4e86\u89e3\u4e0e\u5bf9\u8bdd\uff0c\u4fc3 \u8fdb\u610f\u5927\u5229\u793e\u4f1a\u8f6c\u53d8\u6b67\u89c6\u4e0e\u5c01\u95ed\u7684\u6001\u5ea6\uff0c\u901a\u8fc7\u4e0e \u5176\u4ed6\u534f\u4f1a\u5408\u4f5c\u4ee5\u53ca\u4e3e\u529e\u5404\u79cd\u6d3b\u52a8\uff0c\u52a0\u5f3a\u534e\u610f\u6587 \u5316\u4e4b\u95f4\u7684\u4ea4\u6d41\u4e0e\u878d\u5408 \u6211\u4eec\u8fd8\u7279\u522b\u5173\u6ce8\u548c\u5e2e\u52a9\u5987\u5973\u3001\u513f\u7ae5\u3001\u9752\u5c11\u5e74\u4ee5 \u53ca\u6b8b\u75be\u4eba\u3002\u667a\u677e \u6211\u4eec\u7684\u670d\u52a1 \u2022\u63a5\u5f85\u7a97\u53e3\u3001\u503e\u542c\u3001\u5bf9\u8bdd\u3001\u63d0\u4f9b\u4fe1\u606f\u3001\u966a\u540c\u6709 \u9700\u8981\u7684\u4eba\u524d\u5f80\u793e\u5de5\u529e\u516c\u5ba4\u3001\u5b66\u6821\u7b49\u90e8\u95e8\u529e\u7406\u5404 \u9879\u4e8b\u5b9c \u2022\u79fb\u6c11\u6cd5\u5f8b\u54a8\u8be2 \u2022\u4e2a\u4eba\u5165\u5b66\u6307\u5bfc \u2022\u5bb6\u5ead\u548c\u9752\u5c11\u5e74\u95ee\u9898\u54a8\u8be2 \u2022\u5987\u5973\u5b55\u4ea7\u671f\u53ca\u7279\u6b8a\u56f0\u96be\u60c5\u51b5\u7684\u5e2e\u52a9 \u2022\u4e0e\u9886\u4e8b\u9986\u7684\u534f\u8c03\u5de5\u4f5c \u8bed\u8a00\u6587\u5316\u8bfe \u2022\u9762\u54116\/18\u5c81\u5b69\u5b50\u7684\u4e2d\u534e\u8bed\u8a00\u548c\u6587\u5316\u8bfe\u7a0b\uff0c \u5730\u70b9 ASAI via Gen\u00e8 \u2022\u9762\u5411\u5c11\u5e74\u513f\u7ae5\u548c\u6210\u4eba\u7684\u610f\u5927\u5229\u8bed\u548c\u6587\u5316\u8bfe\u7a0b \u6211\u4eec\u7684\u5408\u4f5c\u4f19\u4f34 Gruppo Abele, Asai, Sermig, Comune di Torino, Biblioteche Civiche Torinesi, Scuola Gabelli, Universit\u00e0 di Torino, Istituto Confucio, Rete Nazionale Italiana di cultura popolare e oralit\u00e0 \u6211\u4eec\u7684\u5de5\u4f5c\u4eba\u5458 \u5fd7\u613f\u8005\u3001\u4e13\u4e1a\u4eba\u58eb\u3001\u534e\u610f\u5927\u5b66\u751f<\/p><\/div>\t\t\t\t\t\t\t\t<\/div>\n\t\t\t\t<div class=\"elementor-element elementor-element-a8130ef elementor-widget elementor-widget-heading\" data-id=\"a8130ef\" data-element_type=\"widget\" data-widget_type=\"heading.default\">\n\t\t\t\t\t<h2 class=\"elementor-heading-title elementor-size-default\">Chi siamo<\/h2>\t\t\t\t<\/div>\n\t\t\t\t<div class=\"elementor-element elementor-element-fb48c7a elementor-widget elementor-widget-text-editor\" data-id=\"fb48c7a\" data-element_type=\"widget\" data-widget_type=\"text-editor.default\">\n\t\t\t\t\t\t\t\t\t<p>ZHISONG \u00e8 un\u2019associazione socio-culturale italo-cinese apartitica, apolitica senza scopo di lucro. Collaboriamo da anni per realizzare interculturalit\u00e0 con Istituzioni e Associazioni che operano nell\u2019ambito educativo, sociale e culturale.<br \/>LE NOSTRE FINALIT\u00c0 La promozione e la collaborazione tra cinesi e italiani, a livello individuale e nel rapporto con le diverse realt\u00e0 associative e istituzionale della citt\u00e0 di Torino, per superare pregiudizi , chiusure e condividere momenti di conoscenza fra le due culture Una particolare attenzione \u00e8 rivolta alle donne, ai bambini, ai giovani e alle persone disabili \u667a\u677e ZHISONG CHE COSA FACCIAMO Sportello accoglienza, ascolto, dialogo, informazioni, individuazione e accompagnamento ai diversi servizi sociali, scolastici, e molto altro. Leggi che regolano l\u2019immigrazione Orientamento e inserimento scolastico Problematiche familiari e adolescenziali Sostegno alle donne in gravidanza, puerperio e\/o in situazione di difficolt\u00e0 Pratiche con consolato cinese SCUOLA Corsi annuali di lingua e cultura cinese per bambini 6\/14 anni presso ASAI via Gen\u00e8 Corsi di lingua e cultura italiana per ragazzi e adulti.<br \/>I NOSTRI OPERATORI: volontarie\/i professioniste\/i e studenti universitari italiani e cinesi.<\/p>\t\t\t\t\t\t\t\t<\/div>\n\t\t\t\t<\/div>\n\t\t\t\t\t<\/div>\n\t\t\t\t<\/div>\n\t\t\t\t<\/div>\n\t\t","protected":false},"excerpt":{"rendered":"<p>\u667a\u677e\u534e\u610f\u6587\u5316\u534f\u4f1a<br \/>\n\u667a\u677e \u662f\u4e00\u4e2a\u65e0\u515a\u6d3e\u3001\u975e\u76c8\u5229\u6027\u7684\u534e\u610f\u6587\u5316 \u534f\u4f1a\u3002 \u4e3a\u4e86\u4fc3\u8fdb\u591a\u5143\u6587\u5316\u7684\u4ea4\u6d41\uff0c\u6211\u4eec\u957f\u671f\u4ee5\u6765\u540c\u6559 \u80b2\u3001\u793e\u4f1a\u673a\u6784\u4ee5\u53ca\u5404\u65cf\u88d4\u6587\u5316\u534f\u4f1a\u8fdb\u884c\u5408\u4f5c\u3002 \u6211\u4eec\u7684\u5b97\u65e8 \u589e\u8fdb\u534e\u4eba\u4e0e\u610f\u5927\u5229\u6c11\u4f17\u4e4b\u95f4\u7684\u4e86\u89e3\u4e0e\u5bf9\u8bdd\uff0c\u4fc3 \u8fdb\u610f\u5927\u5229\u793e\u4f1a\u8f6c\u53d8\u6b67\u89c6\u4e0e\u5c01\u95ed\u7684\u6001\u5ea6\uff0c\u901a\u8fc7\u4e0e \u5176\u4ed6\u534f\u4f1a\u5408\u4f5c\u4ee5\u53ca\u4e3e\u529e\u5404\u79cd\u6d3b\u52a8\uff0c\u52a0\u5f3a\u534e\u610f\u6587 \u5316\u4e4b\u95f4\u7684\u4ea4\u6d41\u4e0e\u878d\u5408 \u6211\u4eec\u8fd8\u7279\u522b\u5173\u6ce8\u548c\u5e2e\u52a9\u5987\u5973\u3001\u513f\u7ae5\u3001\u9752\u5c11\u5e74\u4ee5 \u53ca\u6b8b\u75be\u4eba\u3002\u667a\u677e \u6211\u4eec\u7684\u670d\u52a1 \u2022\u63a5\u5f85\u7a97\u53e3\u3001\u503e\u542c\u3001\u5bf9\u8bdd\u3001\u63d0\u4f9b\u4fe1\u606f\u3001\u966a\u540c\u6709 \u9700\u8981\u7684\u4eba\u524d\u5f80\u793e\u5de5\u529e\u516c\u5ba4\u3001\u5b66\u6821\u7b49\u90e8\u95e8\u529e\u7406\u5404 \u9879\u4e8b\u5b9c \u2022\u79fb\u6c11\u6cd5\u5f8b\u54a8\u8be2 \u2022\u4e2a\u4eba\u5165\u5b66\u6307\u5bfc \u2022\u5bb6\u5ead\u548c\u9752\u5c11\u5e74\u95ee\u9898\u54a8\u8be2 \u2022\u5987\u5973\u5b55\u4ea7\u671f\u53ca\u7279\u6b8a\u56f0\u96be\u60c5\u51b5\u7684\u5e2e\u52a9 \u2022\u4e0e\u9886\u4e8b\u9986\u7684\u534f\u8c03\u5de5\u4f5c \u8bed\u8a00\u6587\u5316\u8bfe \u2022\u9762\u54116\/18\u5c81\u5b69\u5b50\u7684\u4e2d\u534e\u8bed\u8a00\u548c\u6587\u5316\u8bfe\u7a0b\uff0c \u5730\u70b9 ASAI via Gen\u00e8 \u2022\u9762\u5411\u5c11\u5e74\u513f\u7ae5\u548c\u6210\u4eba\u7684\u610f\u5927\u5229\u8bed\u548c\u6587\u5316\u8bfe\u7a0b \u6211\u4eec\u7684\u5408\u4f5c\u4f19\u4f34 Gruppo Abele Asai Sermig Comune di Torino Biblioteche Civiche Scuola Gabelli Universit\u00e0 di Torino Istituto Confucio Rete Nazionale Italiana di cultura popolare e oralit\u00e0 \u6211\u4eec\u7684\u5de5\u4f5c\u4eba\u5458 \u5fd7\u613f\u8005\u3001\u4e13\u4e1a\u4eba\u58eb\u3001\u534e\u610f\u5927\u5b66\u751f<\/p>\n<p>ZHISONG \u00e8 un\u2019associazione socio-culturale italo-cinese apartitica, apolitica senza scopo di lucro. Collaboriamo da anni per realizzare interculturalit\u00e0 con Istituzioni e Associazioni che operano nell\u2019ambito educativo, sociale e culturale.<br \/>\nLE NOSTRE FINALIT\u00c0 La promozione e la collaborazione tra cinesi e italiani, a livello individuale e nel rapporto con le diverse realt\u00e0 associative e istituzionale della citt\u00e0 di Torino, per superare pregiudizi , chiusure e condividere momenti di conoscenza fra le due culture Una particolare attenzione \u00e8 rivolta alle donne, ai bambini, ai giovani e alle persone disabili \u667a\u677e ZHISONG CHE COSA FACCIAMO Sportello accoglienza, ascolto, dialogo, informazioni, individuazione e accompagnamento ai diversi servizi sociali, scolastici, e molto altro. Leggi che regolano l\u2019immigrazione Orientamento e inserimento scolastico Problematiche familiari e adolescenziali Sostegno alle donne in gravidanza, puerperio e\/o in situazione di diffi colt\u00e0 Pratiche con consolato cinese SCUOLA Corsi annuali di lingua e cultura cinese per bambini 6\/14 anni presso ASAI via Gen\u00e8 Corsi di lingua e cultura italiana per ragazzi e adulti.<br \/>\nI NOSTRI OPERATORI: volontarie\/i professioniste\/i e studenti universitari italiani e cinesi.<\/p>\n","protected":false},"author":1,"featured_media":19,"parent":0,"menu_order":0,"comment_status":"closed","ping_status":"closed","template":"","meta":{"footnotes":""},"class_list":["post-17","page","type-page","status-publish","has-post-thumbnail","hentry"],"_links":{"self":[{"href":"https:\/\/zhisong.org\/index.php?rest_route=\/wp\/v2\/pages\/17","targetHints":{"allow":["GET"]}}],"collection":[{"href":"https:\/\/zhisong.org\/index.php?rest_route=\/wp\/v2\/pages"}],"about":[{"href":"https:\/\/zhisong.org\/index.php?rest_route=\/wp\/v2\/types\/page"}],"author":[{"embeddable":true,"href":"https:\/\/zhisong.org\/index.php?rest_route=\/wp\/v2\/users\/1"}],"replies":[{"embeddable":true,"href":"https:\/\/zhisong.org\/index.php?rest_route=%2Fwp%2Fv2%2Fcomments&post=17"}],"version-history":[{"count":10,"href":"https:\/\/zhisong.org\/index.php?rest_route=\/wp\/v2\/pages\/17\/revisions"}],"predecessor-version":[{"id":239,"href":"https:\/\/zhisong.org\/index.php?rest_route=\/wp\/v2\/pages\/17\/revisions\/239"}],"wp:featuredmedia":[{"embeddable":true,"href":"https:\/\/zhisong.org\/index.php?rest_route=\/wp\/v2\/media\/19"}],"wp:attachment":[{"href":"https:\/\/zhisong.org\/index.php?rest_route=%2Fwp%2Fv2%2Fmedia&parent=17"}],"curies":[{"name":"wp","href":"https:\/\/api.w.org\/{rel}","templated":true}]}}